{"id":335,"date":"2025-09-04T13:03:33","date_gmt":"2025-09-04T13:03:33","guid":{"rendered":"https:\/\/wehoufi.com\/saradnja\/"},"modified":"2026-02-15T15:57:10","modified_gmt":"2026-02-15T15:57:10","slug":"saradnja-i-podrska","status":"publish","type":"page","link":"https:\/\/wehoufi.com\/sr\/saradnja-i-podrska\/","title":{"rendered":"Saradnja i podr\u0161ka"},"content":{"rendered":"\n<p><em>House on Fire<\/em> postoji kao prostor za autore i \u010ditaoce koji cene pisanu re\u010d, za one koje <em>mainstream<\/em> mediji zaobilaze, i za one koji veruju da preispitivanje, jednakost \u0161ansi i prihvatanje drugog i druga\u010dijeg moraju ostati deo javnog \u017eivota.<\/p>\n\n\n\n<p><a href=\"https:\/\/wehoufi.com\/sr\/nasa-strana-price\/\" data-type=\"page\" data-id=\"337\">Na\u0161a strana pri\u010de<\/a> otkriva da zajedno gradimo zajednicu gde se promi\u0161lja, pi\u0161e i razmenjuje \u2013 da nijedna pri\u010da ne ostane sama.<\/p>\n\n\n\n<h4 class=\"wp-block-heading\">Donacije<\/h4>\n\n\n\n<p>Ako \u017eeli\u0161 da podr\u017ei\u0161 na\u0161 rad, mo\u017ee\u0161 to u\u010diniti <strong>donacijom preko PayPal-a<\/strong>.<\/p>\n\n\n\n\n<section class=\"paypal\">\n    <div class=\"container\">\n        <a href=\"https:\/\/paypal.me\/wearehoufi\" target=\"_blank\" class=\"paypal-block\" rel=\"noopener\">\n            <svg width=\"170\" height=\"48\" viewBox=\"0 0 170 48\" fill=\"none\" xmlns=\"http:\/\/www.w3.org\/2000\/svg\">\n                <mask id=\"mask0_506_49\" style=\"mask-type:luminance\" maskUnits=\"userSpaceOnUse\" x=\"2\" y=\"2\" width=\"166\" height=\"45\">\n                    <path d=\"M2 2H168V46.01H2V2Z\" fill=\"white\" \/>\n                <\/mask>\n                <g mask=\"url(#mask0_506_49)\">\n                    <path d=\"M62.5593 28.6717C64.9707 28.6697 67.302 27.8059 69.1325 26.2363C70.9631 24.6667 72.1724 22.4945 72.5423 20.1117C73.3223 15.1447 69.4413 10.8087 63.9423 10.8087H55.0793C54.9131 10.8065 54.7517 10.8645 54.6249 10.9721C54.498 11.0796 54.4144 11.2293 54.3893 11.3937L50.4393 36.4657C50.425 36.5572 50.4307 36.6508 50.456 36.74C50.4813 36.8292 50.5256 36.9119 50.5858 36.9824C50.646 37.0528 50.7208 37.1094 50.8049 37.1483C50.889 37.1872 50.9806 37.2075 51.0733 37.2077H55.7633C55.9292 37.2093 56.0901 37.1511 56.2165 37.0436C56.3429 36.9361 56.4263 36.7867 56.4513 36.6227L57.6133 29.2577C57.6381 29.0933 57.7216 28.9435 57.8482 28.8358C57.9748 28.7281 58.1361 28.6698 58.3023 28.6717H62.5593ZM66.4843 19.8857C66.1943 21.7217 64.7753 23.0747 62.0593 23.0747H58.5853L59.6383 16.3947H63.0493C65.8593 16.4007 66.7723 18.0577 66.4843 19.8907V19.8857ZM92.8623 18.7057H88.4093C88.2431 18.7037 88.0818 18.7618 87.9551 18.8693C87.8283 18.9768 87.7446 19.1264 87.7193 19.2907L87.5753 20.2147C87.5753 20.2147 84.1183 16.4397 78.0003 18.9897C74.4903 20.4507 72.8063 23.4697 72.0903 25.6797C72.0903 25.6797 69.8133 32.3977 74.9603 36.0967C74.9603 36.0967 79.7313 39.6526 85.1053 35.8766L85.0123 36.4657C84.9979 36.5573 85.0034 36.6509 85.0287 36.7402C85.0539 36.8294 85.0981 36.9122 85.1584 36.9827C85.2186 37.0532 85.2935 37.1098 85.3777 37.1487C85.4619 37.1875 85.5536 37.2076 85.6463 37.2077H90.0973C90.2635 37.2098 90.425 37.1518 90.5518 37.0442C90.6786 36.9367 90.7622 36.787 90.7873 36.6227L93.4953 19.4477C93.5096 19.3561 93.5039 19.2625 93.4786 19.1733C93.4533 19.0841 93.409 19.0014 93.3488 18.931C93.2886 18.8605 93.2139 18.8039 93.1297 18.765C93.0456 18.7261 92.955 18.7058 92.8623 18.7057ZM86.3153 28.1977C86.1411 29.3943 85.5388 30.4872 84.62 31.2735C83.7013 32.0599 82.5285 32.4863 81.3193 32.4736C80.8458 32.479 80.3743 32.4099 79.9223 32.2687C78.0023 31.6527 76.9073 29.8067 77.2223 27.8067C77.3967 26.6067 78.0016 25.5111 78.9241 24.7242C79.8466 23.9372 81.0239 23.5127 82.2363 23.5297C82.7103 23.5247 83.1823 23.5947 83.6343 23.7357C85.5473 24.3497 86.6353 26.1957 86.3203 28.1977H86.3153Z\" fill=\"#003087\" \/>\n                    <path d=\"M126.672 28.6716C129.085 28.671 131.418 27.8079 133.25 26.2382C135.083 24.6686 136.293 22.4956 136.664 20.1116C137.443 15.1446 133.563 10.8086 128.062 10.8086H119.202C119.036 10.8069 118.875 10.8652 118.749 10.9726C118.622 11.0801 118.539 11.2295 118.513 11.3936L114.551 36.4726C114.529 36.6108 114.552 36.7525 114.618 36.876C114.684 36.9994 114.789 37.0977 114.916 37.1556C115.001 37.1949 115.092 37.2154 115.185 37.2156H119.876C120.043 37.2173 120.204 37.1589 120.33 37.0513C120.457 36.9436 120.54 36.7939 120.565 36.6296L121.728 29.2646C121.753 29.1002 121.836 28.9502 121.963 28.8425C122.09 28.7348 122.251 28.6766 122.417 28.6786L126.672 28.6716ZM130.597 19.8856C130.307 21.7216 128.888 23.0746 126.171 23.0746H122.698L123.752 16.3946H127.163C129.971 16.4006 130.886 18.0576 130.597 19.8906V19.8856ZM156.974 18.7056H152.526C152.36 18.7039 152.199 18.7622 152.073 18.8696C151.946 18.9771 151.863 19.1265 151.837 19.2906L151.691 20.2146C151.691 20.2146 148.235 16.4396 142.117 18.9896C138.608 20.4506 136.923 23.4696 136.206 25.6796C136.206 25.6796 133.93 32.3976 139.076 36.0966C139.076 36.0966 143.848 39.6526 149.222 35.8766L149.129 36.4656C149.107 36.6038 149.13 36.7455 149.196 36.869C149.262 36.9924 149.367 37.0907 149.494 37.1486C149.578 37.1886 149.67 37.2086 149.763 37.2086H154.214C154.381 37.2111 154.542 37.1531 154.669 37.0453C154.796 36.9375 154.879 36.7873 154.903 36.6226L157.612 19.4476C157.626 19.3557 157.619 19.262 157.594 19.1728C157.568 19.0835 157.524 19.0006 157.464 18.9296C157.404 18.8585 157.329 18.8015 157.244 18.7628C157.16 18.7241 157.067 18.7046 156.974 18.7056ZM150.428 28.1976C150.256 29.3952 149.654 30.4893 148.735 31.276C147.816 32.0627 146.642 32.4884 145.432 32.4736C144.958 32.4792 144.486 32.41 144.033 32.2686C142.112 31.6526 141.016 29.8066 141.331 27.8066C141.505 26.6098 142.108 25.5167 143.026 24.7301C143.945 23.9436 145.118 23.517 146.327 23.5296C146.802 23.5246 147.274 23.5936 147.726 23.7356C149.659 24.3496 150.75 26.1956 150.433 28.1976H150.428Z\" fill=\"#0070E0\" \/>\n                    <path d=\"M109.206 19.1302L103.839 28.1892L101.116 19.1972C101.073 19.0545 100.985 18.9295 100.866 18.8408C100.746 18.7521 100.601 18.7045 100.452 18.7052H95.6099C95.5264 18.7036 95.4438 18.7222 95.3691 18.7596C95.2945 18.7969 95.23 18.8519 95.1812 18.9196C95.1324 18.9874 95.1008 19.0659 95.0891 19.1486C95.0774 19.2313 95.0859 19.3155 95.1139 19.3942L99.9939 34.5402L95.5809 41.6782C95.531 41.7567 95.5033 41.8473 95.5006 41.9403C95.4979 42.0333 95.5204 42.1254 95.5657 42.2067C95.6109 42.288 95.6773 42.3556 95.7578 42.4023C95.8382 42.449 95.9298 42.4732 96.0229 42.4722H101.24C101.389 42.4729 101.536 42.4348 101.666 42.3615C101.796 42.2882 101.904 42.1823 101.981 42.0542L115.613 19.5022C115.662 19.4235 115.689 19.333 115.691 19.2402C115.693 19.1475 115.67 19.0559 115.624 18.9752C115.579 18.8944 115.512 18.8275 115.432 18.7814C115.351 18.7353 115.26 18.7117 115.167 18.7132H109.952C109.802 18.7114 109.654 18.749 109.523 18.8222C109.392 18.8953 109.283 19.0015 109.206 19.1302Z\" fill=\"#003087\" \/>\n                    <path d=\"M161.982 11.3878L158.02 36.4668C157.997 36.6049 158.021 36.7467 158.087 36.8701C158.153 36.9936 158.258 37.0918 158.385 37.1498C158.469 37.1898 158.561 37.2098 158.654 37.2098H163.343C163.509 37.2118 163.671 37.1536 163.797 37.0459C163.924 36.9382 164.007 36.7882 164.032 36.6238L167.995 11.5448C168.01 11.4532 168.005 11.3594 167.979 11.2701C167.954 11.1808 167.91 11.0981 167.849 11.0278C167.789 10.9574 167.714 10.9009 167.63 10.862C167.545 10.8232 167.454 10.803 167.361 10.8028H162.671C162.505 10.8011 162.344 10.8593 162.217 10.9668C162.091 11.0742 162.007 11.2237 161.982 11.3878Z\" fill=\"#0070E0\" \/>\n                    <path d=\"M37.1456 22.2594C36.1396 27.9944 31.4606 32.3294 25.3206 32.3294H21.4226C20.6276 32.3294 19.8266 33.0654 19.6996 33.8794L17.9926 44.7144C17.8936 45.3314 17.6046 45.5364 16.9796 45.5364H10.7096C10.0756 45.5364 9.92564 45.3244 10.0206 44.6994L10.7406 37.2064L3.21464 36.8174C2.58164 36.8174 2.35264 36.4724 2.44264 35.8404L7.57764 3.28044C7.67664 2.66344 8.06064 2.39844 8.68364 2.39844H21.7066C27.9756 2.39844 31.9416 6.61844 32.4266 12.0904C36.1566 14.6104 37.9006 17.9634 37.1466 22.2584L37.1456 22.2594Z\" fill=\"#001C64\" \/>\n                    <path d=\"M12.6483 25.0757L10.7413 37.2087L9.53528 44.8207C9.51288 44.9675 9.52234 45.1173 9.56303 45.2601C9.60371 45.4029 9.67467 45.5352 9.77106 45.6481C9.86746 45.761 9.98704 45.8518 10.1217 45.9144C10.2563 45.977 10.4028 46.0098 10.5513 46.0107H17.1733C17.4755 46.0104 17.7678 45.9022 17.9974 45.7057C18.2271 45.5092 18.3792 45.2373 18.4263 44.9387L20.1693 33.8787C20.2166 33.5803 20.3688 33.3086 20.5984 33.1123C20.8281 32.916 21.1202 32.808 21.4223 32.8077H25.3203C28.2905 32.8038 31.1617 31.739 33.4162 29.8052C35.6707 27.8713 37.1602 25.1958 37.6163 22.2607C38.2913 17.9537 36.1243 14.0327 32.4153 12.0957C32.4069 12.5546 32.3668 13.0123 32.2953 13.4657C31.8376 16.3992 30.3475 19.0729 28.0934 21.0053C25.8393 22.9376 22.9693 24.0016 20.0003 24.0057H13.9003C13.5984 24.0058 13.3064 24.1136 13.0769 24.3098C12.8474 24.5059 12.6954 24.7775 12.6483 25.0757Z\" fill=\"#0070E0\" \/>\n                    <path d=\"M10.741 37.208H3.02998C2.88121 37.2073 2.73435 37.1745 2.59939 37.1119C2.46444 37.0493 2.34457 36.9583 2.24796 36.8452C2.15134 36.732 2.08025 36.5994 2.03953 36.4563C1.99881 36.3132 1.98941 36.163 2.01198 36.016L7.20798 3.072C7.25469 2.77344 7.4065 2.50137 7.63604 2.30483C7.86559 2.10828 8.15778 2.00018 8.45998 2H21.7C27.969 2 32.527 6.562 32.42 12.089C30.7514 11.2282 28.8984 10.7865 27.021 10.802H15.983C15.6807 10.8021 15.3884 10.91 15.1585 11.1063C14.9286 11.3026 14.7763 11.5745 14.729 11.873L12.649 25.075L10.741 37.208Z\" fill=\"#003087\" \/>\n                <\/g>\n            <\/svg>\n            <span class=\"paypal-text\">Doniraj<\/span>\n        <\/a>\n    <\/div>\n<\/section>\n\n\n<p>Donacije su potpuno dobrovoljne, <strong>ne pru\u017eaju pristup ekskluzivnom sadr\u017eaju, niti donose druge pogodnosti<\/strong> \u2013 one se evidentiraju kao li\u010dni priliv fizi\u010dkog lica i predstavljaju znak poverenja i podr\u0161ke ideji da platforma ostane dostupna i nezavisna. Sva prikupljena sredstva namenjena su njenom funkcionisanju i razvoju.<\/p>\n\n\n\n<h4 class=\"wp-block-heading\">Saradnja<\/h4>\n\n\n\n<p><em>houfi<\/em> je otvoren za saradnje sa pojedincima, udru\u017eenjima, organizacijama, kompanijama i brendovima \u010dije vrednosti i ciljevi nisu u suprotnosti sa ure\u0111iva\u010dkim konceptom platforme. U ovom trenutku, sve saradnje su mogu\u0107e isklju\u010divo kroz <strong>autorske ugovore<\/strong> ili druge oblike fleksibilnog anga\u017eovanja, u skladu sa va\u017ee\u0107im zakonodavstvom. Ugovorom isplatilac obra\u010dunava i upla\u0107uje sve poreze i doprinose, tako da se autoru ispla\u0107uje neto iznos.<\/p>\n\n\n\n<p>Sve mo\u017ee po\u010deti jednim imejlom na: <a href=\"mailto:hey@wehoufi.com\">hey@wehoufi.com<\/a><\/p>\n\n\n\n<h4 class=\"wp-block-heading\">Rast kroz partnerstva<\/h4>\n\n\n\n<p><em>House on Fire<\/em> je u svojoj ranoj fazi ne samo kao medij, ve\u0107 i kao zajednica, zato smo otvoreni i za profesionalne smernice, <strong>preduzetni\u010dke inicijative<\/strong> i <strong>strate\u0161ka partnerstva<\/strong> koja mogu doprineti rastu i ja\u010danju platforme. Ako ima\u0161 ideju ili predlog, pi\u0161i direktno osniva\u010du na: <a href=\"mailto:jannovak@wehoufi.com\">bdnovakovic@gmail.com<\/a><\/p>\n\n\n\n<h4 class=\"wp-block-heading\">Kako mo\u017ee\u0161 doprineti onlajn<\/h4>\n\n\n\n<p>Mnogo je na\u010dina da svojom aktivno\u0161\u0107u na Internetu podr\u017ei\u0161 <em>House on Fire <\/em>(@wearehoufi) i pripomogne\u0161 nam:<\/p>\n\n\n\n<ul class=\"wp-block-list\">\n<li><strong>Prati nas na dru\u0161tvenim mre\u017eama<\/strong> \u2013 Budi u toku sa na\u0161im autorima i njihovim radovima, daj \u0161ansu druga\u010dijim perspektivama, postani deo zajednice i dozvoli nam da ti poka\u017eemo koliko jedna ovakva platforma mo\u017ee biti va\u017ena.<\/li>\n\n\n\n<li><strong>Deli sadr\u017eaj<\/strong> \u2013 Otvori vrata na\u0161e Ku\u0107e svojim pratiocima, pomozi njima da preispitaju svoja mi\u0161ljenja i nama da objave dopru do vi\u0161e ljudi.<\/li>\n\n\n\n<li><strong>Pove\u017ei nas sa potencijalnim \u010ditaocima, autorima ili saradnicima<\/strong><\/li>\n\n\n\n<li><strong>Aktivno u\u010destvuj<\/strong> \u2013 Lajkuj, komentari\u0161i, postavljaj pitanja, tra\u017ei odgovore i predla\u017ei re\u0161enja. Svaka interakcija doprinosi \u017eivosti i kvalitetu platforme.<\/li>\n<\/ul>\n\n\n\n<p>Svaki vid podr\u0161ke nama daje vetar u le\u0111a. Hvala \u0161to veruje\u0161 u ono \u0161to radimo \u2013 zajedno mo\u017eemo da izgradimo ne\u0161to posebno.<\/p>\n\n\n\n<p>Za vi\u0161e informacija o kori\u0161\u0107enju platforme i tvojim pravima, pogledaj na\u0161e <a href=\"https:\/\/wehoufi.com\/sr\/uslovi-koriscenja\/\" data-type=\"page\" data-id=\"346\">Uslove kori\u0161\u0107enja<\/a>.<\/p>\n","protected":false},"excerpt":{"rendered":"<p>House on Fire postoji kao prostor za autore i \u010ditaoce koji cene pisanu re\u010d, za one koje mainstream mediji zaobilaze, i za one koji veruju da preispitivanje, jednakost \u0161ansi i prihvatanje drugog i druga\u010dijeg moraju ostati deo javnog \u017eivota. Na\u0161a strana pri\u010de otkriva da zajedno gradimo zajednicu gde se promi\u0161lja, pi\u0161e i razmenjuje \u2013 da [&hellip;]<\/p>\n","protected":false},"author":1,"featured_media":0,"parent":0,"menu_order":0,"comment_status":"closed","ping_status":"closed","template":"tmplt-default.php","meta":{"_acf_changed":false,"footnotes":""},"class_list":["post-335","page","type-page","status-publish","hentry"],"acf":[],"_links":{"self":[{"href":"https:\/\/wehoufi.com\/sr\/wp-json\/wp\/v2\/pages\/335","targetHints":{"allow":["GET"]}}],"collection":[{"href":"https:\/\/wehoufi.com\/sr\/wp-json\/wp\/v2\/pages"}],"about":[{"href":"https:\/\/wehoufi.com\/sr\/wp-json\/wp\/v2\/types\/page"}],"author":[{"embeddable":true,"href":"https:\/\/wehoufi.com\/sr\/wp-json\/wp\/v2\/users\/1"}],"replies":[{"embeddable":true,"href":"https:\/\/wehoufi.com\/sr\/wp-json\/wp\/v2\/comments?post=335"}],"version-history":[{"count":12,"href":"https:\/\/wehoufi.com\/sr\/wp-json\/wp\/v2\/pages\/335\/revisions"}],"predecessor-version":[{"id":1023,"href":"https:\/\/wehoufi.com\/sr\/wp-json\/wp\/v2\/pages\/335\/revisions\/1023"}],"wp:attachment":[{"href":"https:\/\/wehoufi.com\/sr\/wp-json\/wp\/v2\/media?parent=335"}],"curies":[{"name":"wp","href":"https:\/\/api.w.org\/{rel}","templated":true}]}}