{"id":345,"date":"2025-09-07T20:53:41","date_gmt":"2025-09-07T20:53:41","guid":{"rendered":"https:\/\/wehoufi.com\/politika-kolacica\/"},"modified":"2025-11-29T08:42:14","modified_gmt":"2025-11-29T08:42:14","slug":"politika-kolacica","status":"publish","type":"page","link":"https:\/\/wehoufi.com\/sr\/politika-kolacica\/","title":{"rendered":"Politika kola\u010di\u0107a"},"content":{"rendered":"\n<p>Poslednje a\u017euriranje: 1. 10. 2025.<\/p>\n\n\n\n<p>Ova Politika kola\u010di\u0107a obja\u0161njava \u0161ta su kola\u010di\u0107i, koje vrste koristimo na veb-sajtu <em>House on Fire<\/em> (<a href=\"https:\/\/wehoufi.com\/sr\/\">www.wehoufi.com<\/a>), za\u0161to ih koristimo i koje opcije imate u vezi sa njihovom upotrebom. Politika je uskla\u0111ena sa va\u017ee\u0107im zakonodavstvom Republike Srbije i me\u0111unarodnim standardima, uklju\u010duju\u0107i Op\u0161tu uredbu o za\u0161titi podataka (GDPR \u2013 Uredba (EU) 2016\/679).<\/p>\n\n\n\n<p>Sami odlu\u010dujete o svojim pode\u0161avanjima kola\u010di\u0107a i mo\u017eete ih promeniti u bilo kom trenutku.<\/p>\n\n\n\n<h4 class=\"wp-block-heading\">\u0160ta su kola\u010di\u0107i<\/h4>\n\n\n\n<p>Kola\u010di\u0107i su male tekstualne datoteke koje se \u010duvaju na va\u0161em ure\u0111aju kada posetite veb-sajt. Oni omogu\u0107avaju prepoznavanje va\u0161eg pregleda\u010da, pam\u0107enje pode\u0161avanja i unapre\u0111enje funkcionalnosti veb-sajta. Osim kola\u010di\u0107a, koristimo i sli\u010dne tehnologije \u2013 poput alata za ke\u0161iranje, piksel tagova i skripti \u2013 koje imaju sli\u010dnu funkciju.<\/p>\n\n\n\n<h4 class=\"wp-block-heading\">Vrste kola\u010di\u0107a koje koristimo<\/h4>\n\n\n\n<p>Na veb-sajtu koristimo slede\u0107e kategorije kola\u010di\u0107a:<\/p>\n\n\n\n<p>a. <strong>Neophodni kola\u010di\u0107i<\/strong><strong><br><\/strong>Ovi kola\u010di\u0107i su potrebni za osnovno funkcionisanje sajta i ne mogu se isklju\u010diti. Omogu\u0107avaju, na primer:<\/p>\n\n\n\n<ul class=\"wp-block-list\">\n<li>prikaz sadr\u017eaja na ispravnom jeziku (<em>WPML Multilingual CMS<\/em>),<\/li>\n\n\n\n<li>osnovne sigurnosne funkcije,<\/li>\n\n\n\n<li>kori\u0161\u0107enje kontakt forme (<em>Contact Form 7<\/em>),<\/li>\n\n\n\n<li>\u010duvanje va\u0161ih pode\u0161avanja u vezi sa kola\u010di\u0107ima (<em>CookieYes | GDPR Cookie Consent<\/em>).<\/li>\n<\/ul>\n\n\n\n<p>b. <strong>Funkcionalni kola\u010di\u0107i<\/strong><strong><br><\/strong>Omogu\u0107avaju unapre\u0111eno korisni\u010dko iskustvo, kao \u0161to su:<\/p>\n\n\n\n<ul class=\"wp-block-list\">\n<li>pam\u0107enje va\u0161ih jezi\u010dkih pode\u0161avanja,<\/li>\n\n\n\n<li>optimizacija u\u010ditavanja sadr\u017eaja (<em>LiteSpeed Cache<\/em>).<\/li>\n<\/ul>\n\n\n\n<p>c. <strong>Analiti\u010dki kola\u010di\u0107i<\/strong><strong><br><\/strong>Putem alata kao \u0161to su <em>Google Analytics<\/em> i <em>Google Tag Manager<\/em> prikupljamo agregirane, anonimne podatke o:<\/p>\n\n\n\n<ul class=\"wp-block-list\">\n<li>broju poseta i jedinstvenih posetilaca,<\/li>\n\n\n\n<li>vremenu provedenom na veb-sajtu,<\/li>\n\n\n\n<li>najpose\u0107enijim stranicama i sadr\u017eajima,<\/li>\n\n\n\n<li>geografskoj distribuciji korisnika,<\/li>\n\n\n\n<li>interesovanjima posetilaca.<\/li>\n<\/ul>\n\n\n\n<p>Ovi podaci koriste se isklju\u010divo za unapre\u0111enje platforme i planiranje sadr\u017eaja.<\/p>\n\n\n\n<p>\u010d. <strong>Marketin\u0161ki i kola\u010di\u0107i tre\u0107ih strana<\/strong><strong><br><\/strong> Na veb-sajtu se mogu pojavljivati kola\u010di\u0107i tre\u0107ih strana kroz:<\/p>\n\n\n\n<ul class=\"wp-block-list\">\n<li>ugra\u0111ene sadr\u017eaje (<em>Instagram<\/em>, <em>TikTok<\/em>, <em>X<\/em>, <em>YouTube<\/em>),<\/li>\n\n\n\n<li>opcije za deljenje sadr\u017eaja (<em>Facebook<\/em>, <em>Reddit<\/em>, <em>LinkedIn<\/em>, <em>WhatsApp<\/em>, <em>Viber<\/em>, <em>Email<\/em>),<\/li>\n\n\n\n<li>linkove ka drugim medijskim veb-sajtovima,<\/li>\n\n\n\n<li>platformu za pla\u0107anje kakva je <em>PayPal<\/em> (koristi se za donacije i dobrovoljnu podr\u0161ku)<\/li>\n\n\n\n<li>eventualne oglasne kampanje.<\/li>\n<\/ul>\n\n\n\n<p>Ove platforme mogu postavljati sopstvene kola\u010di\u0107e i prikupljati podatke u skladu sa sopstvenim politikama privatnosti. Kola\u010di\u0107i ove vrste bi\u0107e aktivirani samo ako za njih date izri\u010dit pristanak.<\/p>\n\n\n\n<p><strong>Kola\u010di\u0107i ugra\u0111enog sadr\u017eaja:<\/strong><br><strong>\u201eUgra\u0111eni\u201c sadr\u017eaji<\/strong> sa platformi kao \u0161to su <em>Instagram<\/em>, <em>TikTok<\/em>, <em>X <\/em>i <em>YouTube <\/em>mogu postavljati kola\u010di\u0107e na Va\u0161 ure\u0111aj kada pregledate njihov sadr\u017eaj. Ovi kola\u010di\u0107i mogu prikupljati informacije kao \u0161to su Va\u0161a IP adresa, informacije o pregleda\u010du i ure\u0111aju, interakcije sa sadr\u017eajem, kao i prethodne posete servisima platformi. Ovi kola\u010di\u0107i su pod kontrolom navedenih platformi i mogu se menjati. \u201eUgra\u0111eni\u201c sadr\u017eaj se u\u010ditava samo nakon \u0161to date saglasnost putem cookie bannera. Za vi\u0161e detalja, molimo Vas da pogledate politike privatnosti i kola\u010di\u0107a navedenih platformi.<\/p>\n\n\n\n<p><strong>PayPal kola\u010di\u0107i:<\/strong><br>Kada koristite <em>PayPal <\/em>vid\u017eet (en. <em>widget<\/em>) za donacije, <strong><em>PayPal <\/em><\/strong>mo\u017ee postaviti kola\u010di\u0107e na Va\u0161 ure\u0111aj. Ovi kola\u010di\u0107i se u\u010ditavaju samo nakon \u0161to date saglasnost putem banera i podle\u017eu pravilima privatnosti i kola\u010di\u0107a <em>PayPal<\/em>-a.<\/p>\n\n\n\n<h4 class=\"wp-block-heading\">Kako koristimo kola\u010di\u0107e<\/h4>\n\n\n\n<p>Kola\u010di\u0107e koristimo isklju\u010divo za:<\/p>\n\n\n\n<ul class=\"wp-block-list\">\n<li>obezbe\u0111ivanje funkcionalnosti veb-sajta i prikaza sadr\u017eaja,<\/li>\n\n\n\n<li>unapre\u0111enje performansi i optimizaciju sajta,<\/li>\n\n\n\n<li>analizu pose\u0107enosti i planiranje sadr\u017eaja,<\/li>\n\n\n\n<li>omogu\u0107avanje interakcije sa dru\u0161tvenim mre\u017eama i spoljnim sadr\u017eajem,<\/li>\n\n\n\n<li>predstavljanje zbirnih i anonimnih statisti\u010dkih podataka ogla\u0161iva\u010dima i partnerima.<\/li>\n<\/ul>\n\n\n\n<p>Kola\u010di\u0107e nikada ne koristimo za li\u010dnu identifikaciju korisnika niti za izradu korisni\u010dkih profila, osim ako za to prethodno niste dali izri\u010dit pristanak.<\/p>\n\n\n\n<h4 class=\"wp-block-heading\">Kako mo\u017eete upravljati kola\u010di\u0107ima<\/h4>\n\n\n\n<p>Prilikom prve posete veb-sajtu, putem banera <em>CookieYes | GDPR Cookie Consent<\/em> dobijate mogu\u0107nost da:<\/p>\n\n\n\n<ul class=\"wp-block-list\">\n<li>prihvatite sve kola\u010di\u0107e,<\/li>\n\n\n\n<li>odbijete dodatne kola\u010di\u0107e.<\/li>\n<\/ul>\n\n\n\n<p>Pode\u0161avanja mo\u017eete promeniti u bilo kom trenutku preko veb-stranice \u201ePode\u0161avanja kola\u010di\u0107a\u201c koja se nalazi u podno\u017eju veb-sajta.<\/p>\n\n\n\n<p>Pored toga, mo\u017eete obrisati ili blokirati kola\u010di\u0107e putem pode\u0161avanja Va\u0161eg veb-pregleda\u010da. Imajte u vidu da blokiranje neophodnih kola\u010di\u0107a mo\u017ee uticati na funkcionalnost veb-sajta, dok isklju\u010divanje dodatnih kola\u010di\u0107a mo\u017ee ograni\u010diti pristup odre\u0111enim sadr\u017eajima ili funkcijama, kao \u0161to su upla\u0107ivanje donacija ili prikaz multimedijalnih sadr\u017eaja.<\/p>\n\n\n\n<h4 class=\"wp-block-heading\">Podaci i prava korisnika<\/h4>\n\n\n\n<p>Podaci prikupljeni putem kola\u010di\u0107a \u010duvaju se u skladu sa na\u0161om Politikom privatnosti. Kao korisnik imate pravo da:<\/p>\n\n\n\n<ul class=\"wp-block-list\">\n<li>budete informisani o tome koji se kola\u010di\u0107i koriste,<\/li>\n\n\n\n<li>date ili povu\u010dete pristanak,<\/li>\n\n\n\n<li>zahtevate pristup, brisanje ili ograni\u010denje obrade podataka koji se odnose na Vas,<\/li>\n\n\n\n<li>ulo\u017eite prigovor ili podnesete \u017ealbu nadle\u017enom organu za za\u0161titu podataka, \u0161to je u Srbiji Poverenik za informacije od javnog zna\u010daja i za\u0161titu podataka o li\u010dnosti.<\/li>\n<\/ul>\n\n\n\n<p>Za sva pitanja ili zahteve u vezi sa kola\u010di\u0107ima, mo\u017eete nas kontaktirati putem imejla: <a href=\"mailto:hey@wehoufi.com\">hey@wehoufi.com<\/a><\/p>\n","protected":false},"excerpt":{"rendered":"<p>Poslednje a\u017euriranje: 1. 10. 2025. Ova Politika kola\u010di\u0107a obja\u0161njava \u0161ta su kola\u010di\u0107i, koje vrste koristimo na veb-sajtu House on Fire (www.wehoufi.com), za\u0161to ih koristimo i koje opcije imate u vezi sa njihovom upotrebom. Politika je uskla\u0111ena sa va\u017ee\u0107im zakonodavstvom Republike Srbije i me\u0111unarodnim standardima, uklju\u010duju\u0107i Op\u0161tu uredbu o za\u0161titi podataka (GDPR \u2013 Uredba (EU) 2016\/679). [&hellip;]<\/p>\n","protected":false},"author":1,"featured_media":0,"parent":0,"menu_order":0,"comment_status":"closed","ping_status":"closed","template":"tmplt-default.php","meta":{"_acf_changed":false,"footnotes":""},"class_list":["post-345","page","type-page","status-publish","hentry"],"acf":[],"_links":{"self":[{"href":"https:\/\/wehoufi.com\/sr\/wp-json\/wp\/v2\/pages\/345","targetHints":{"allow":["GET"]}}],"collection":[{"href":"https:\/\/wehoufi.com\/sr\/wp-json\/wp\/v2\/pages"}],"about":[{"href":"https:\/\/wehoufi.com\/sr\/wp-json\/wp\/v2\/types\/page"}],"author":[{"embeddable":true,"href":"https:\/\/wehoufi.com\/sr\/wp-json\/wp\/v2\/users\/1"}],"replies":[{"embeddable":true,"href":"https:\/\/wehoufi.com\/sr\/wp-json\/wp\/v2\/comments?post=345"}],"version-history":[{"count":8,"href":"https:\/\/wehoufi.com\/sr\/wp-json\/wp\/v2\/pages\/345\/revisions"}],"predecessor-version":[{"id":857,"href":"https:\/\/wehoufi.com\/sr\/wp-json\/wp\/v2\/pages\/345\/revisions\/857"}],"wp:attachment":[{"href":"https:\/\/wehoufi.com\/sr\/wp-json\/wp\/v2\/media?parent=345"}],"curies":[{"name":"wp","href":"https:\/\/api.w.org\/{rel}","templated":true}]}}